{"id":322,"date":"2022-03-26T18:58:04","date_gmt":"2022-03-26T16:58:04","guid":{"rendered":"http:\/\/sternebeck.de\/?page_id=322"},"modified":"2022-03-26T19:02:57","modified_gmt":"2022-03-26T17:02:57","slug":"registrieren","status":"publish","type":"page","link":"http:\/\/sternebeck.de\/?page_id=322","title":{"rendered":"Registrieren"},"content":{"rendered":"\n<form method=\"post\" action=\"http:\/\/sternebeck.de\/wp-login.php\" class=\"bbp-login-form\">\n\t<fieldset class=\"bbp-form\">\n\t\t<legend>Konto erstellen<\/legend>\n\n\t\t\n\t\t<div class=\"bbp-template-notice\">\n\t\t\t<ul>\n\t\t\t\t<li>Dein Benutzername muss einzigartig sein und kann im Nachhinein nicht mehr ge\u00e4ndert werden.<\/li>\n\t\t\t\t<li>Wir ben\u00f6tigen deine E-Mail-Adresse, um dir ein sicheres Passwort schicken und um dein Konto \u00fcberpr\u00fcfen zu k\u00f6nnen.<\/li>\n\t\t\t<\/ul>\n\t\t<\/div>\n\n\t\t<div class=\"bbp-username\">\n\t\t\t<label for=\"user_login\">Benutzername: <\/label>\n\t\t\t<input type=\"text\" name=\"user_login\" value=\"\" size=\"20\" id=\"user_login\" maxlength=\"100\" autocomplete=\"off\" \/>\n\t\t<\/div>\n\n\t\t<div class=\"bbp-email\">\n\t\t\t<label for=\"user_email\">E-Mail: <\/label>\n\t\t\t<input type=\"text\" name=\"user_email\" value=\"\" size=\"20\" id=\"user_email\" maxlength=\"100\" autocomplete=\"off\" \/>\n\t\t<\/div>\n\n\t\t<!-- CAPTCHA added with CAPTCHA 4WP plugin. More information: https:\/\/captcha4wp.com --><div class=\"c4wp_captcha_field\" style=\"margin-bottom: 10px\" data-nonce=\"17b5be3d82\" data-c4wp-use-ajax=\"true\" data-c4wp-v2-site-key=\"\"><div id=\"c4wp_captcha_field_1\" class=\"c4wp_captcha_field_div\"><\/div><\/div><!-- \/ CAPTCHA by CAPTCHA 4WP plugin -->\n\t\t<div class=\"bbp-submit-wrapper\">\n\n\t\t\t<button type=\"submit\" name=\"user-submit\" class=\"button submit user-submit\">Registrieren<\/button>\n\n\t\t\t\n\t<input type=\"hidden\" name=\"action\"      value=\"register\" \/>\n\t<input type=\"hidden\" name=\"user-cookie\" value=\"1\" \/>\n\n\t<input type=\"hidden\" id=\"bbp_redirect_to\" name=\"redirect_to\" value=\"?checkemail=registered\" \/><input type=\"hidden\" id=\"_wpnonce\" name=\"_wpnonce\" value=\"98632deaaa\" \/><input type=\"hidden\" name=\"_wp_http_referer\" value=\"\/index.php?rest_route=%2Fwp%2Fv2%2Fpages%2F322\" \/>\n\t\t<\/div>\n\n\t\t\n\t<\/fieldset>\n<\/form>\n\n","protected":false},"excerpt":{"rendered":"","protected":false},"author":1,"featured_media":0,"parent":0,"menu_order":0,"comment_status":"closed","ping_status":"closed","template":"","meta":{"_bbp_topic_count":0,"_bbp_reply_count":0,"_bbp_total_topic_count":0,"_bbp_total_reply_count":0,"_bbp_voice_count":0,"_bbp_anonymous_reply_count":0,"_bbp_topic_count_hidden":0,"_bbp_reply_count_hidden":0,"_bbp_forum_subforum_count":0,"_crdt_document":"","footnotes":""},"class_list":["post-322","page","type-page","status-publish","hentry"],"_links":{"self":[{"href":"http:\/\/sternebeck.de\/index.php?rest_route=\/wp\/v2\/pages\/322","targetHints":{"allow":["GET"]}}],"collection":[{"href":"http:\/\/sternebeck.de\/index.php?rest_route=\/wp\/v2\/pages"}],"about":[{"href":"http:\/\/sternebeck.de\/index.php?rest_route=\/wp\/v2\/types\/page"}],"author":[{"embeddable":true,"href":"http:\/\/sternebeck.de\/index.php?rest_route=\/wp\/v2\/users\/1"}],"replies":[{"embeddable":true,"href":"http:\/\/sternebeck.de\/index.php?rest_route=%2Fwp%2Fv2%2Fcomments&post=322"}],"version-history":[{"count":3,"href":"http:\/\/sternebeck.de\/index.php?rest_route=\/wp\/v2\/pages\/322\/revisions"}],"predecessor-version":[{"id":326,"href":"http:\/\/sternebeck.de\/index.php?rest_route=\/wp\/v2\/pages\/322\/revisions\/326"}],"wp:attachment":[{"href":"http:\/\/sternebeck.de\/index.php?rest_route=%2Fwp%2Fv2%2Fmedia&parent=322"}],"curies":[{"name":"wp","href":"https:\/\/api.w.org\/{rel}","templated":true}]}}