{"id":123,"date":"2020-07-09T09:59:36","date_gmt":"2020-07-09T07:59:36","guid":{"rendered":"http:\/\/sternebeck.de\/?page_id=123"},"modified":"2020-07-09T10:49:16","modified_gmt":"2020-07-09T08:49:16","slug":"datenschutzerklaerung","status":"publish","type":"page","link":"https:\/\/sternebeck.de\/?page_id=123","title":{"rendered":"Datenschutzerkl\u00e4rung"},"content":{"rendered":"\n<p class=\"has-text-align-center wp-block-paragraph\">Durch das Best\u00e4tigen des Cookie Hinweises wird derzeit lediglich ein Sitzungs-Cookie bzw DSGVO-Cookie f\u00fcr eine Zeit von maximal 10 Tagen in ihrem Browser gespeichert. <\/p>\n\n\n\n<p class=\"has-text-align-center wp-block-paragraph\">Wir erheben keinerlei pers\u00f6nliche Daten.<\/p>\n","protected":false},"excerpt":{"rendered":"<p>Durch das Best\u00e4tigen des Cookie Hinweises wird derzeit lediglich ein Sitzungs-Cookie bzw DSGVO-Cookie f\u00fcr eine Zeit von maximal 10 Tagen in ihrem Browser gespeichert. Wir erheben keinerlei pers\u00f6nliche Daten.<\/p>\n","protected":false},"author":1,"featured_media":0,"parent":0,"menu_order":0,"comment_status":"closed","ping_status":"closed","template":"","meta":{"_bbp_topic_count":0,"_bbp_reply_count":0,"_bbp_total_topic_count":0,"_bbp_total_reply_count":0,"_bbp_voice_count":0,"_bbp_anonymous_reply_count":0,"_bbp_topic_count_hidden":0,"_bbp_reply_count_hidden":0,"_bbp_forum_subforum_count":0,"_crdt_document":"","footnotes":""},"class_list":["post-123","page","type-page","status-publish","hentry"],"_links":{"self":[{"href":"https:\/\/sternebeck.de\/index.php?rest_route=\/wp\/v2\/pages\/123","targetHints":{"allow":["GET"]}}],"collection":[{"href":"https:\/\/sternebeck.de\/index.php?rest_route=\/wp\/v2\/pages"}],"about":[{"href":"https:\/\/sternebeck.de\/index.php?rest_route=\/wp\/v2\/types\/page"}],"author":[{"embeddable":true,"href":"https:\/\/sternebeck.de\/index.php?rest_route=\/wp\/v2\/users\/1"}],"replies":[{"embeddable":true,"href":"https:\/\/sternebeck.de\/index.php?rest_route=%2Fwp%2Fv2%2Fcomments&post=123"}],"version-history":[{"count":4,"href":"https:\/\/sternebeck.de\/index.php?rest_route=\/wp\/v2\/pages\/123\/revisions"}],"predecessor-version":[{"id":129,"href":"https:\/\/sternebeck.de\/index.php?rest_route=\/wp\/v2\/pages\/123\/revisions\/129"}],"wp:attachment":[{"href":"https:\/\/sternebeck.de\/index.php?rest_route=%2Fwp%2Fv2%2Fmedia&parent=123"}],"curies":[{"name":"wp","href":"https:\/\/api.w.org\/{rel}","templated":true}]}}